{"id":11,"date":"2025-10-31T23:01:59","date_gmt":"2025-10-31T23:01:59","guid":{"rendered":"https:\/\/greenafricatransition.com\/?page_id=11"},"modified":"2025-12-02T23:57:52","modified_gmt":"2025-12-02T23:57:52","slug":"qui-sommes-nous","status":"publish","type":"page","link":"https:\/\/greenafricatransition.com\/index.php\/qui-sommes-nous\/","title":{"rendered":"\u00c0 propos"},"content":{"rendered":"\t\t<div data-elementor-type=\"wp-post\" data-elementor-id=\"11\" class=\"elementor elementor-11\">\n\t\t\t\t<div class=\"elementor-element elementor-element-1d6eb1c e-flex e-con-boxed e-con e-parent\" data-id=\"1d6eb1c\" data-element_type=\"container\">\n\t\t\t\t\t<div class=\"e-con-inner\">\n\t\t\t\t<div class=\"elementor-element elementor-element-d333204 elementor-widget elementor-widget-heading\" data-id=\"d333204\" data-element_type=\"widget\" data-widget_type=\"heading.default\">\n\t\t\t\t\t<h2 class=\"elementor-heading-title elementor-size-default\">\u00c0 propos<\/h2>\t\t\t\t<\/div>\n\t\t\t\t<div class=\"elementor-element elementor-element-1e444f4 elementor-widget elementor-widget-text-editor\" data-id=\"1e444f4\" data-element_type=\"widget\" data-widget_type=\"text-editor.default\">\n\t\t\t\t\t\t\t\t\t<p>Ing\u00e9nierie &amp; formation pour une Afrique \u00e9nerg\u00e9tiquement autonome.<\/p>\t\t\t\t\t\t\t\t<\/div>\n\t\t\t\t<div class=\"elementor-element elementor-element-7585785 elementor-widget__width-initial elementor-widget-divider--view-line elementor-widget elementor-widget-divider\" data-id=\"7585785\" data-element_type=\"widget\" data-widget_type=\"divider.default\">\n\t\t\t\t\t\t\t<div class=\"elementor-divider\">\n\t\t\t<span class=\"elementor-divider-separator\">\n\t\t\t\t\t\t<\/span>\n\t\t<\/div>\n\t\t\t\t\t\t<\/div>\n\t\t\t\t\t<\/div>\n\t\t\t\t<\/div>\n\t\t<div class=\"elementor-element elementor-element-ad031e5 e-flex e-con-boxed e-con e-parent\" data-id=\"ad031e5\" data-element_type=\"container\">\n\t\t\t\t\t<div class=\"e-con-inner\">\n\t\t<div class=\"elementor-element elementor-element-fdb0fc0 e-con-full e-flex e-con e-child\" data-id=\"fdb0fc0\" data-element_type=\"container\">\n\t\t\t\t<div class=\"elementor-element elementor-element-6dcb1aa elementor-widget elementor-widget-image\" data-id=\"6dcb1aa\" data-element_type=\"widget\" data-widget_type=\"image.default\">\n\t\t\t\t\t\t\t\t\t\t\t\t\t\t\t<img fetchpriority=\"high\" decoding=\"async\" width=\"800\" height=\"531\" src=\"https:\/\/greenafricatransition.com\/wp-content\/uploads\/2025\/11\/gat_ingenieurs_centrale_photo_clean-1024x680.png\" class=\"attachment-large size-large wp-image-762\" alt=\"\" srcset=\"https:\/\/greenafricatransition.com\/wp-content\/uploads\/2025\/11\/gat_ingenieurs_centrale_photo_clean-1024x680.png 1024w, https:\/\/greenafricatransition.com\/wp-content\/uploads\/2025\/11\/gat_ingenieurs_centrale_photo_clean-300x199.png 300w, https:\/\/greenafricatransition.com\/wp-content\/uploads\/2025\/11\/gat_ingenieurs_centrale_photo_clean-768x510.png 768w, https:\/\/greenafricatransition.com\/wp-content\/uploads\/2025\/11\/gat_ingenieurs_centrale_photo_clean.png 1144w\" sizes=\"(max-width: 800px) 100vw, 800px\" \/>\t\t\t\t\t\t\t\t\t\t\t\t\t\t\t<\/div>\n\t\t\t\t<\/div>\n\t\t<div class=\"elementor-element elementor-element-bf4f71d e-con-full e-flex e-con e-child\" data-id=\"bf4f71d\" data-element_type=\"container\">\n\t\t\t\t<div class=\"elementor-element elementor-element-dab8f59 elementor-widget elementor-widget-text-editor\" data-id=\"dab8f59\" data-element_type=\"widget\" data-widget_type=\"text-editor.default\">\n\t\t\t\t\t\t\t\t\t<p>Nous mettons notre expertise au service du d\u00e9veloppement \u00e9nerg\u00e9tique durable du continent afin de b\u00e2tir une Afrique r\u00e9siliente, autonome, comp\u00e9titive et technologiquement souveraine.<\/p>\t\t\t\t\t\t\t\t<\/div>\n\t\t\t\t<\/div>\n\t\t\t\t\t<\/div>\n\t\t\t\t<\/div>\n\t\t<div class=\"elementor-element elementor-element-659ef6e e-flex e-con-boxed e-con e-parent\" data-id=\"659ef6e\" data-element_type=\"container\">\n\t\t\t\t\t<div class=\"e-con-inner\">\n\t\t<div class=\"elementor-element elementor-element-3cb310b e-con-full e-flex e-con e-child\" data-id=\"3cb310b\" data-element_type=\"container\" data-settings=\"{&quot;background_background&quot;:&quot;classic&quot;}\">\n\t\t<div class=\"elementor-element elementor-element-0a70108 e-con-full e-flex e-con e-child\" data-id=\"0a70108\" data-element_type=\"container\">\n\t\t<div class=\"elementor-element elementor-element-9afb850 e-con-full e-flex e-con e-child\" data-id=\"9afb850\" data-element_type=\"container\">\n\t\t\t\t<div class=\"elementor-element elementor-element-1317ae4 elementor-view-default elementor-widget elementor-widget-icon\" data-id=\"1317ae4\" data-element_type=\"widget\" data-widget_type=\"icon.default\">\n\t\t\t\t\t\t\t<div class=\"elementor-icon-wrapper\">\n\t\t\t<div class=\"elementor-icon\">\n\t\t\t<svg aria-hidden=\"true\" class=\"e-font-icon-svg e-fas-globe\" viewBox=\"0 0 496 512\" xmlns=\"http:\/\/www.w3.org\/2000\/svg\"><path d=\"M336.5 160C322 70.7 287.8 8 248 8s-74 62.7-88.5 152h177zM152 256c0 22.2 1.2 43.5 3.3 64h185.3c2.1-20.5 3.3-41.8 3.3-64s-1.2-43.5-3.3-64H155.3c-2.1 20.5-3.3 41.8-3.3 64zm324.7-96c-28.6-67.9-86.5-120.4-158-141.6 24.4 33.8 41.2 84.7 50 141.6h108zM177.2 18.4C105.8 39.6 47.8 92.1 19.3 160h108c8.7-56.9 25.5-107.8 49.9-141.6zM487.4 192H372.7c2.1 21 3.3 42.5 3.3 64s-1.2 43-3.3 64h114.6c5.5-20.5 8.6-41.8 8.6-64s-3.1-43.5-8.5-64zM120 256c0-21.5 1.2-43 3.3-64H8.6C3.2 212.5 0 233.8 0 256s3.2 43.5 8.6 64h114.6c-2-21-3.2-42.5-3.2-64zm39.5 96c14.5 89.3 48.7 152 88.5 152s74-62.7 88.5-152h-177zm159.3 141.6c71.4-21.2 129.4-73.7 158-141.6h-108c-8.8 56.9-25.6 107.8-50 141.6zM19.3 352c28.6 67.9 86.5 120.4 158 141.6-24.4-33.8-41.2-84.7-50-141.6h-108z\"><\/path><\/svg>\t\t\t<\/div>\n\t\t<\/div>\n\t\t\t\t\t\t<\/div>\n\t\t\t\t<div class=\"elementor-element elementor-element-1524b7c elementor-widget elementor-widget-heading\" data-id=\"1524b7c\" data-element_type=\"widget\" data-widget_type=\"heading.default\">\n\t\t\t\t\t<h2 class=\"elementor-heading-title elementor-size-default\">Notre Mission<\/h2>\t\t\t\t<\/div>\n\t\t\t\t<\/div>\n\t\t\t\t<\/div>\n\t\t\t\t<div class=\"elementor-element elementor-element-7ab8057 elementor-widget-divider--view-line elementor-widget elementor-widget-divider\" data-id=\"7ab8057\" data-element_type=\"widget\" data-widget_type=\"divider.default\">\n\t\t\t\t\t\t\t<div class=\"elementor-divider\">\n\t\t\t<span class=\"elementor-divider-separator\">\n\t\t\t\t\t\t<\/span>\n\t\t<\/div>\n\t\t\t\t\t\t<\/div>\n\t\t\t\t<div class=\"elementor-element elementor-element-d7c6f84 elementor-widget elementor-widget-text-editor\" data-id=\"d7c6f84\" data-element_type=\"widget\" data-widget_type=\"text-editor.default\">\n\t\t\t\t\t\t\t\t\t<h3 data-start=\"1006\" data-end=\"1029\"><strong style=\"font-size: 16px;\" data-start=\"788\" data-end=\"860\">Garantir une autonomie \u00e9nerg\u00e9tique durable aux industries africaines<\/strong><span style=\"font-size: 16px;\"> gr\u00e2ce \u00e0 des solutions solaires performantes, rentables et adapt\u00e9es aux r\u00e9alit\u00e9s du terrain, tout en assurant un transfert de comp\u00e9tences local.<\/span><\/h3>\t\t\t\t\t\t\t\t<\/div>\n\t\t\t\t<\/div>\n\t\t<div class=\"elementor-element elementor-element-13aaf29 e-con-full e-flex e-con e-child\" data-id=\"13aaf29\" data-element_type=\"container\" data-settings=\"{&quot;background_background&quot;:&quot;classic&quot;}\">\n\t\t<div class=\"elementor-element elementor-element-3dc7d9d e-con-full e-flex e-con e-child\" data-id=\"3dc7d9d\" data-element_type=\"container\">\n\t\t\t\t<div class=\"elementor-element elementor-element-2919f5c elementor-view-default elementor-widget elementor-widget-icon\" data-id=\"2919f5c\" data-element_type=\"widget\" data-widget_type=\"icon.default\">\n\t\t\t\t\t\t\t<div class=\"elementor-icon-wrapper\">\n\t\t\t<div class=\"elementor-icon\">\n\t\t\t<svg aria-hidden=\"true\" class=\"e-font-icon-svg e-fas-bullseye\" viewBox=\"0 0 496 512\" xmlns=\"http:\/\/www.w3.org\/2000\/svg\"><path d=\"M248 8C111.03 8 0 119.03 0 256s111.03 248 248 248 248-111.03 248-248S384.97 8 248 8zm0 432c-101.69 0-184-82.29-184-184 0-101.69 82.29-184 184-184 101.69 0 184 82.29 184 184 0 101.69-82.29 184-184 184zm0-312c-70.69 0-128 57.31-128 128s57.31 128 128 128 128-57.31 128-128-57.31-128-128-128zm0 192c-35.29 0-64-28.71-64-64s28.71-64 64-64 64 28.71 64 64-28.71 64-64 64z\"><\/path><\/svg>\t\t\t<\/div>\n\t\t<\/div>\n\t\t\t\t\t\t<\/div>\n\t\t\t\t<div class=\"elementor-element elementor-element-d5da3b4 elementor-widget elementor-widget-heading\" data-id=\"d5da3b4\" data-element_type=\"widget\" data-widget_type=\"heading.default\">\n\t\t\t\t\t<h2 class=\"elementor-heading-title elementor-size-default\">Notre Vision<\/h2>\t\t\t\t<\/div>\n\t\t\t\t<\/div>\n\t\t\t\t<div class=\"elementor-element elementor-element-41c04ea elementor-widget-divider--view-line elementor-widget elementor-widget-divider\" data-id=\"41c04ea\" data-element_type=\"widget\" data-widget_type=\"divider.default\">\n\t\t\t\t\t\t\t<div class=\"elementor-divider\">\n\t\t\t<span class=\"elementor-divider-separator\">\n\t\t\t\t\t\t<\/span>\n\t\t<\/div>\n\t\t\t\t\t\t<\/div>\n\t\t\t\t<div class=\"elementor-element elementor-element-12b481e elementor-widget elementor-widget-text-editor\" data-id=\"12b481e\" data-element_type=\"widget\" data-widget_type=\"text-editor.default\">\n\t\t\t\t\t\t\t\t\t<blockquote data-start=\"1030\" data-end=\"1217\"><p data-start=\"1032\" data-end=\"1217\">B\u00e2tir une Afrique technologiquement souveraine, capable de produire, g\u00e9rer et s\u00e9curiser son \u00e9nergie gr\u00e2ce \u00e0 un \u00e9cosyst\u00e8me industriel fond\u00e9 sur l\u2019expertise, l\u2019innovation et la formation.<\/p><\/blockquote>\t\t\t\t\t\t\t\t<\/div>\n\t\t\t\t<\/div>\n\t\t\t\t\t<\/div>\n\t\t\t\t<\/div>\n\t\t<div class=\"elementor-element elementor-element-80e2d84 e-flex e-con-boxed e-con e-parent\" data-id=\"80e2d84\" data-element_type=\"container\">\n\t\t\t\t\t<div class=\"e-con-inner\">\n\t\t\t\t<div class=\"elementor-element elementor-element-46bf876 elementor-widget elementor-widget-heading\" data-id=\"46bf876\" data-element_type=\"widget\" data-widget_type=\"heading.default\">\n\t\t\t\t\t<h2 class=\"elementor-heading-title elementor-size-default\">\u00c9quipe fondatrice<\/h2>\t\t\t\t<\/div>\n\t\t\t\t<div class=\"elementor-element elementor-element-0dead7a elementor-widget-divider--view-line elementor-widget elementor-widget-divider\" data-id=\"0dead7a\" data-element_type=\"widget\" data-widget_type=\"divider.default\">\n\t\t\t\t\t\t\t<div class=\"elementor-divider\">\n\t\t\t<span class=\"elementor-divider-separator\">\n\t\t\t\t\t\t<\/span>\n\t\t<\/div>\n\t\t\t\t\t\t<\/div>\n\t\t\t\t<div class=\"elementor-element elementor-element-c8f9038 elementor-widget__width-initial elementor-widget elementor-widget-text-editor\" data-id=\"c8f9038\" data-element_type=\"widget\" data-widget_type=\"text-editor.default\">\n\t\t\t\t\t\t\t\t\t<p>L\u2019\u00e9quipe fondatrice de Green Africa Transition r\u00e9unit quatre ing\u00e9nieurs seniors issusde l\u2019\u00e9nergie, de l\u2019\u00e9lectronique de puissance, du g\u00e9nie \u00e9lectrique et de la gestion de projets. Nos parcours combin\u00e9s repr\u00e9sentent plus de 40 ann\u00e9es d\u2019exp\u00e9rience en conception de solutions \u00e9nerg\u00e9tiques industrielles, en France comme en Afrique.<\/p>\t\t\t\t\t\t\t\t<\/div>\n\t\t<div class=\"elementor-element elementor-element-e5d0cb2 e-con-full e-flex e-con e-child\" data-id=\"e5d0cb2\" data-element_type=\"container\">\n\t\t\t\t<div class=\"elementor-element elementor-element-d35f05f elementor-view-default elementor-widget elementor-widget-icon\" data-id=\"d35f05f\" data-element_type=\"widget\" data-widget_type=\"icon.default\">\n\t\t\t\t\t\t\t<div class=\"elementor-icon-wrapper\">\n\t\t\t<div class=\"elementor-icon\">\n\t\t\t<svg aria-hidden=\"true\" class=\"e-font-icon-svg e-fas-star\" viewBox=\"0 0 576 512\" xmlns=\"http:\/\/www.w3.org\/2000\/svg\"><path d=\"M259.3 17.8L194 150.2 47.9 171.5c-26.2 3.8-36.7 36.1-17.7 54.6l105.7 103-25 145.5c-4.5 26.3 23.2 46 46.4 33.7L288 439.6l130.7 68.7c23.2 12.2 50.9-7.4 46.4-33.7l-25-145.5 105.7-103c19-18.5 8.5-50.8-17.7-54.6L382 150.2 316.7 17.8c-11.7-23.6-45.6-23.9-57.4 0z\"><\/path><\/svg>\t\t\t<\/div>\n\t\t<\/div>\n\t\t\t\t\t\t<\/div>\n\t\t\t\t<div class=\"elementor-element elementor-element-1cd4d8a elementor-widget elementor-widget-heading\" data-id=\"1cd4d8a\" data-element_type=\"widget\" data-widget_type=\"heading.default\">\n\t\t\t\t\t<h2 class=\"elementor-heading-title elementor-size-default\">Expertise en syst\u00e8mes solaires industriels<\/h2>\t\t\t\t<\/div>\n\t\t\t\t<\/div>\n\t\t<div class=\"elementor-element elementor-element-a8cfc5e e-con-full e-flex e-con e-child\" data-id=\"a8cfc5e\" data-element_type=\"container\">\n\t\t\t\t<div class=\"elementor-element elementor-element-0b3a8a5 elementor-view-default elementor-widget elementor-widget-icon\" data-id=\"0b3a8a5\" data-element_type=\"widget\" data-widget_type=\"icon.default\">\n\t\t\t\t\t\t\t<div class=\"elementor-icon-wrapper\">\n\t\t\t<div class=\"elementor-icon\">\n\t\t\t<svg aria-hidden=\"true\" class=\"e-font-icon-svg e-fas-star\" viewBox=\"0 0 576 512\" xmlns=\"http:\/\/www.w3.org\/2000\/svg\"><path d=\"M259.3 17.8L194 150.2 47.9 171.5c-26.2 3.8-36.7 36.1-17.7 54.6l105.7 103-25 145.5c-4.5 26.3 23.2 46 46.4 33.7L288 439.6l130.7 68.7c23.2 12.2 50.9-7.4 46.4-33.7l-25-145.5 105.7-103c19-18.5 8.5-50.8-17.7-54.6L382 150.2 316.7 17.8c-11.7-23.6-45.6-23.9-57.4 0z\"><\/path><\/svg>\t\t\t<\/div>\n\t\t<\/div>\n\t\t\t\t\t\t<\/div>\n\t\t\t\t<div class=\"elementor-element elementor-element-120e916 elementor-widget elementor-widget-heading\" data-id=\"120e916\" data-element_type=\"widget\" data-widget_type=\"heading.default\">\n\t\t\t\t\t<h2 class=\"elementor-heading-title elementor-size-default\">Conversion d\u2019\u00e9nergie (OBC \/ DCDC \/ Inverters)<\/h2>\t\t\t\t<\/div>\n\t\t\t\t<\/div>\n\t\t<div class=\"elementor-element elementor-element-6cc727c e-con-full e-flex e-con e-child\" data-id=\"6cc727c\" data-element_type=\"container\">\n\t\t\t\t<div class=\"elementor-element elementor-element-39b293d elementor-view-default elementor-widget elementor-widget-icon\" data-id=\"39b293d\" data-element_type=\"widget\" data-widget_type=\"icon.default\">\n\t\t\t\t\t\t\t<div class=\"elementor-icon-wrapper\">\n\t\t\t<div class=\"elementor-icon\">\n\t\t\t<svg aria-hidden=\"true\" class=\"e-font-icon-svg e-fas-star\" viewBox=\"0 0 576 512\" xmlns=\"http:\/\/www.w3.org\/2000\/svg\"><path d=\"M259.3 17.8L194 150.2 47.9 171.5c-26.2 3.8-36.7 36.1-17.7 54.6l105.7 103-25 145.5c-4.5 26.3 23.2 46 46.4 33.7L288 439.6l130.7 68.7c23.2 12.2 50.9-7.4 46.4-33.7l-25-145.5 105.7-103c19-18.5 8.5-50.8-17.7-54.6L382 150.2 316.7 17.8c-11.7-23.6-45.6-23.9-57.4 0z\"><\/path><\/svg>\t\t\t<\/div>\n\t\t<\/div>\n\t\t\t\t\t\t<\/div>\n\t\t\t\t<div class=\"elementor-element elementor-element-6788986 elementor-widget elementor-widget-heading\" data-id=\"6788986\" data-element_type=\"widget\" data-widget_type=\"heading.default\">\n\t\t\t\t\t<h2 class=\"elementor-heading-title elementor-size-default\">D\u00e9ploiement Afrique<\/h2>\t\t\t\t<\/div>\n\t\t\t\t<\/div>\n\t\t<div class=\"elementor-element elementor-element-1107afa e-con-full e-flex e-con e-child\" data-id=\"1107afa\" data-element_type=\"container\">\n\t\t\t\t<div class=\"elementor-element elementor-element-ac49d9d elementor-view-default elementor-widget elementor-widget-icon\" data-id=\"ac49d9d\" data-element_type=\"widget\" data-widget_type=\"icon.default\">\n\t\t\t\t\t\t\t<div class=\"elementor-icon-wrapper\">\n\t\t\t<div class=\"elementor-icon\">\n\t\t\t<svg aria-hidden=\"true\" class=\"e-font-icon-svg e-fas-star\" viewBox=\"0 0 576 512\" xmlns=\"http:\/\/www.w3.org\/2000\/svg\"><path d=\"M259.3 17.8L194 150.2 47.9 171.5c-26.2 3.8-36.7 36.1-17.7 54.6l105.7 103-25 145.5c-4.5 26.3 23.2 46 46.4 33.7L288 439.6l130.7 68.7c23.2 12.2 50.9-7.4 46.4-33.7l-25-145.5 105.7-103c19-18.5 8.5-50.8-17.7-54.6L382 150.2 316.7 17.8c-11.7-23.6-45.6-23.9-57.4 0z\"><\/path><\/svg>\t\t\t<\/div>\n\t\t<\/div>\n\t\t\t\t\t\t<\/div>\n\t\t\t\t<div class=\"elementor-element elementor-element-474097f elementor-widget elementor-widget-heading\" data-id=\"474097f\" data-element_type=\"widget\" data-widget_type=\"heading.default\">\n\t\t\t\t\t<h2 class=\"elementor-heading-title elementor-size-default\">Transfert de comp\u00e9tences<\/h2>\t\t\t\t<\/div>\n\t\t\t\t<\/div>\n\t\t\t\t\t<\/div>\n\t\t\t\t<\/div>\n\t\t\t\t<\/div>\n\t\t","protected":false},"excerpt":{"rendered":"<p>\u00c0 propos Ing\u00e9nierie &amp; formation pour une Afrique \u00e9nerg\u00e9tiquement autonome. Nous mettons notre expertise au service du d\u00e9veloppement \u00e9nerg\u00e9tique durable du continent afin de b\u00e2tir une Afrique r\u00e9siliente, autonome, comp\u00e9titive et technologiquement souveraine. Notre Mission Garantir une autonomie \u00e9nerg\u00e9tique durable aux industries africaines gr\u00e2ce \u00e0 des solutions solaires performantes, rentables et adapt\u00e9es aux r\u00e9alit\u00e9s du [&hellip;]<\/p>\n","protected":false},"author":1,"featured_media":0,"parent":0,"menu_order":0,"comment_status":"closed","ping_status":"closed","template":"elementor_header_footer","meta":{"inline_featured_image":false,"footnotes":""},"class_list":["post-11","page","type-page","status-publish","hentry"],"yoast_head":"<!-- This site is optimized with the Yoast SEO plugin v26.5 - https:\/\/yoast.com\/wordpress\/plugins\/seo\/ -->\n<title>\u00c0 propos -<\/title>\n<meta name=\"robots\" content=\"index, follow, max-snippet:-1, max-image-preview:large, max-video-preview:-1\" \/>\n<link rel=\"canonical\" href=\"https:\/\/greenafricatransition.com\/index.php\/qui-sommes-nous\/\" \/>\n<meta property=\"og:locale\" content=\"en_US\" \/>\n<meta property=\"og:type\" content=\"article\" \/>\n<meta property=\"og:title\" content=\"\u00c0 propos -\" \/>\n<meta property=\"og:description\" content=\"\u00c0 propos Ing\u00e9nierie &amp; formation pour une Afrique \u00e9nerg\u00e9tiquement autonome. Nous mettons notre expertise au service du d\u00e9veloppement \u00e9nerg\u00e9tique durable du continent afin de b\u00e2tir une Afrique r\u00e9siliente, autonome, comp\u00e9titive et technologiquement souveraine. Notre Mission Garantir une autonomie \u00e9nerg\u00e9tique durable aux industries africaines gr\u00e2ce \u00e0 des solutions solaires performantes, rentables et adapt\u00e9es aux r\u00e9alit\u00e9s du [&hellip;]\" \/>\n<meta property=\"og:url\" content=\"https:\/\/greenafricatransition.com\/index.php\/qui-sommes-nous\/\" \/>\n<meta property=\"article:modified_time\" content=\"2025-12-02T23:57:52+00:00\" \/>\n<meta property=\"og:image\" content=\"https:\/\/greenafricatransition.com\/wp-content\/uploads\/2025\/11\/gat_ingenieurs_centrale_photo_clean.png\" \/>\n\t<meta property=\"og:image:width\" content=\"1144\" \/>\n\t<meta property=\"og:image:height\" content=\"760\" \/>\n\t<meta property=\"og:image:type\" content=\"image\/png\" \/>\n<meta name=\"twitter:card\" content=\"summary_large_image\" \/>\n<meta name=\"twitter:label1\" content=\"Est. reading time\" \/>\n\t<meta name=\"twitter:data1\" content=\"1 minute\" \/>\n<script type=\"application\/ld+json\" class=\"yoast-schema-graph\">{\"@context\":\"https:\/\/schema.org\",\"@graph\":[{\"@type\":\"WebPage\",\"@id\":\"https:\/\/greenafricatransition.com\/index.php\/qui-sommes-nous\/\",\"url\":\"https:\/\/greenafricatransition.com\/index.php\/qui-sommes-nous\/\",\"name\":\"\u00c0 propos -\",\"isPartOf\":{\"@id\":\"https:\/\/greenafricatransition.com\/#website\"},\"primaryImageOfPage\":{\"@id\":\"https:\/\/greenafricatransition.com\/index.php\/qui-sommes-nous\/#primaryimage\"},\"image\":{\"@id\":\"https:\/\/greenafricatransition.com\/index.php\/qui-sommes-nous\/#primaryimage\"},\"thumbnailUrl\":\"https:\/\/greenafricatransition.com\/wp-content\/uploads\/2025\/11\/gat_ingenieurs_centrale_photo_clean-1024x680.png\",\"datePublished\":\"2025-10-31T23:01:59+00:00\",\"dateModified\":\"2025-12-02T23:57:52+00:00\",\"breadcrumb\":{\"@id\":\"https:\/\/greenafricatransition.com\/index.php\/qui-sommes-nous\/#breadcrumb\"},\"inLanguage\":\"en-US\",\"potentialAction\":[{\"@type\":\"ReadAction\",\"target\":[\"https:\/\/greenafricatransition.com\/index.php\/qui-sommes-nous\/\"]}]},{\"@type\":\"ImageObject\",\"inLanguage\":\"en-US\",\"@id\":\"https:\/\/greenafricatransition.com\/index.php\/qui-sommes-nous\/#primaryimage\",\"url\":\"https:\/\/greenafricatransition.com\/wp-content\/uploads\/2025\/11\/gat_ingenieurs_centrale_photo_clean.png\",\"contentUrl\":\"https:\/\/greenafricatransition.com\/wp-content\/uploads\/2025\/11\/gat_ingenieurs_centrale_photo_clean.png\",\"width\":1144,\"height\":760},{\"@type\":\"BreadcrumbList\",\"@id\":\"https:\/\/greenafricatransition.com\/index.php\/qui-sommes-nous\/#breadcrumb\",\"itemListElement\":[{\"@type\":\"ListItem\",\"position\":1,\"name\":\"Accueil\",\"item\":\"https:\/\/greenafricatransition.com\/\"},{\"@type\":\"ListItem\",\"position\":2,\"name\":\"\u00c0 propos\"}]},{\"@type\":\"WebSite\",\"@id\":\"https:\/\/greenafricatransition.com\/#website\",\"url\":\"https:\/\/greenafricatransition.com\/\",\"name\":\"\",\"description\":\"\",\"potentialAction\":[{\"@type\":\"SearchAction\",\"target\":{\"@type\":\"EntryPoint\",\"urlTemplate\":\"https:\/\/greenafricatransition.com\/?s={search_term_string}\"},\"query-input\":{\"@type\":\"PropertyValueSpecification\",\"valueRequired\":true,\"valueName\":\"search_term_string\"}}],\"inLanguage\":\"en-US\"}]}<\/script>\n<!-- \/ Yoast SEO plugin. -->","yoast_head_json":{"title":"\u00c0 propos -","robots":{"index":"index","follow":"follow","max-snippet":"max-snippet:-1","max-image-preview":"max-image-preview:large","max-video-preview":"max-video-preview:-1"},"canonical":"https:\/\/greenafricatransition.com\/index.php\/qui-sommes-nous\/","og_locale":"en_US","og_type":"article","og_title":"\u00c0 propos -","og_description":"\u00c0 propos Ing\u00e9nierie &amp; formation pour une Afrique \u00e9nerg\u00e9tiquement autonome. Nous mettons notre expertise au service du d\u00e9veloppement \u00e9nerg\u00e9tique durable du continent afin de b\u00e2tir une Afrique r\u00e9siliente, autonome, comp\u00e9titive et technologiquement souveraine. Notre Mission Garantir une autonomie \u00e9nerg\u00e9tique durable aux industries africaines gr\u00e2ce \u00e0 des solutions solaires performantes, rentables et adapt\u00e9es aux r\u00e9alit\u00e9s du [&hellip;]","og_url":"https:\/\/greenafricatransition.com\/index.php\/qui-sommes-nous\/","article_modified_time":"2025-12-02T23:57:52+00:00","og_image":[{"width":1144,"height":760,"url":"https:\/\/greenafricatransition.com\/wp-content\/uploads\/2025\/11\/gat_ingenieurs_centrale_photo_clean.png","type":"image\/png"}],"twitter_card":"summary_large_image","twitter_misc":{"Est. reading time":"1 minute"},"schema":{"@context":"https:\/\/schema.org","@graph":[{"@type":"WebPage","@id":"https:\/\/greenafricatransition.com\/index.php\/qui-sommes-nous\/","url":"https:\/\/greenafricatransition.com\/index.php\/qui-sommes-nous\/","name":"\u00c0 propos -","isPartOf":{"@id":"https:\/\/greenafricatransition.com\/#website"},"primaryImageOfPage":{"@id":"https:\/\/greenafricatransition.com\/index.php\/qui-sommes-nous\/#primaryimage"},"image":{"@id":"https:\/\/greenafricatransition.com\/index.php\/qui-sommes-nous\/#primaryimage"},"thumbnailUrl":"https:\/\/greenafricatransition.com\/wp-content\/uploads\/2025\/11\/gat_ingenieurs_centrale_photo_clean-1024x680.png","datePublished":"2025-10-31T23:01:59+00:00","dateModified":"2025-12-02T23:57:52+00:00","breadcrumb":{"@id":"https:\/\/greenafricatransition.com\/index.php\/qui-sommes-nous\/#breadcrumb"},"inLanguage":"en-US","potentialAction":[{"@type":"ReadAction","target":["https:\/\/greenafricatransition.com\/index.php\/qui-sommes-nous\/"]}]},{"@type":"ImageObject","inLanguage":"en-US","@id":"https:\/\/greenafricatransition.com\/index.php\/qui-sommes-nous\/#primaryimage","url":"https:\/\/greenafricatransition.com\/wp-content\/uploads\/2025\/11\/gat_ingenieurs_centrale_photo_clean.png","contentUrl":"https:\/\/greenafricatransition.com\/wp-content\/uploads\/2025\/11\/gat_ingenieurs_centrale_photo_clean.png","width":1144,"height":760},{"@type":"BreadcrumbList","@id":"https:\/\/greenafricatransition.com\/index.php\/qui-sommes-nous\/#breadcrumb","itemListElement":[{"@type":"ListItem","position":1,"name":"Accueil","item":"https:\/\/greenafricatransition.com\/"},{"@type":"ListItem","position":2,"name":"\u00c0 propos"}]},{"@type":"WebSite","@id":"https:\/\/greenafricatransition.com\/#website","url":"https:\/\/greenafricatransition.com\/","name":"","description":"","potentialAction":[{"@type":"SearchAction","target":{"@type":"EntryPoint","urlTemplate":"https:\/\/greenafricatransition.com\/?s={search_term_string}"},"query-input":{"@type":"PropertyValueSpecification","valueRequired":true,"valueName":"search_term_string"}}],"inLanguage":"en-US"}]}},"_links":{"self":[{"href":"https:\/\/greenafricatransition.com\/index.php\/wp-json\/wp\/v2\/pages\/11","targetHints":{"allow":["GET"]}}],"collection":[{"href":"https:\/\/greenafricatransition.com\/index.php\/wp-json\/wp\/v2\/pages"}],"about":[{"href":"https:\/\/greenafricatransition.com\/index.php\/wp-json\/wp\/v2\/types\/page"}],"author":[{"embeddable":true,"href":"https:\/\/greenafricatransition.com\/index.php\/wp-json\/wp\/v2\/users\/1"}],"replies":[{"embeddable":true,"href":"https:\/\/greenafricatransition.com\/index.php\/wp-json\/wp\/v2\/comments?post=11"}],"version-history":[{"count":146,"href":"https:\/\/greenafricatransition.com\/index.php\/wp-json\/wp\/v2\/pages\/11\/revisions"}],"predecessor-version":[{"id":891,"href":"https:\/\/greenafricatransition.com\/index.php\/wp-json\/wp\/v2\/pages\/11\/revisions\/891"}],"wp:attachment":[{"href":"https:\/\/greenafricatransition.com\/index.php\/wp-json\/wp\/v2\/media?parent=11"}],"curies":[{"name":"wp","href":"https:\/\/api.w.org\/{rel}","templated":true}]}}