{"id":53,"date":"2025-11-01T01:14:08","date_gmt":"2025-11-01T01:14:08","guid":{"rendered":"https:\/\/greenafricatransition.com\/?page_id=53"},"modified":"2025-11-17T14:33:52","modified_gmt":"2025-11-17T14:33:52","slug":"contact","status":"publish","type":"page","link":"https:\/\/greenafricatransition.com\/index.php\/contact\/","title":{"rendered":"Contact"},"content":{"rendered":"\t\t<div data-elementor-type=\"wp-page\" data-elementor-id=\"53\" class=\"elementor elementor-53\">\n\t\t\t\t<div class=\"elementor-element elementor-element-55ee6a2 e-flex e-con-boxed e-con e-parent\" data-id=\"55ee6a2\" data-element_type=\"container\">\n\t\t\t\t\t<div class=\"e-con-inner\">\n\t\t\t\t<div class=\"elementor-element elementor-element-79f9ef5 elementor-widget elementor-widget-heading\" data-id=\"79f9ef5\" data-element_type=\"widget\" data-widget_type=\"heading.default\">\n\t\t\t\t\t<h2 class=\"elementor-heading-title elementor-size-default\">Nous contacter<\/h2>\t\t\t\t<\/div>\n\t\t\t\t<div class=\"elementor-element elementor-element-5ce29a5 elementor-widget elementor-widget-text-editor\" data-id=\"5ce29a5\" data-element_type=\"widget\" data-widget_type=\"text-editor.default\">\n\t\t\t\t\t\t\t\t\t<p>Pour toute demande d\u2019information, d\u2019\u00e9tude technique, de partenariat ou de projet solaire, notre \u00e9quipe vous r\u00e9pond sous 24 \u00e0 48h.<\/p>\t\t\t\t\t\t\t\t<\/div>\n\t\t\t\t\t<\/div>\n\t\t\t\t<\/div>\n\t\t<div class=\"elementor-element elementor-element-4c6c952 e-con-full e-flex e-con e-parent\" data-id=\"4c6c952\" data-element_type=\"container\">\n\t\t<div class=\"elementor-element elementor-element-72497a4 e-con-full e-flex e-con e-child\" data-id=\"72497a4\" data-element_type=\"container\">\n\t\t\t\t<div class=\"elementor-element elementor-element-e05b345 elementor-view-default elementor-widget elementor-widget-icon\" data-id=\"e05b345\" data-element_type=\"widget\" data-widget_type=\"icon.default\">\n\t\t\t\t\t\t\t<div class=\"elementor-icon-wrapper\">\n\t\t\t<div class=\"elementor-icon\">\n\t\t\t<svg aria-hidden=\"true\" class=\"e-font-icon-svg e-fas-envelope-open\" viewBox=\"0 0 512 512\" xmlns=\"http:\/\/www.w3.org\/2000\/svg\"><path d=\"M512 464c0 26.51-21.49 48-48 48H48c-26.51 0-48-21.49-48-48V200.724a48 48 0 0 1 18.387-37.776c24.913-19.529 45.501-35.365 164.2-121.511C199.412 29.17 232.797-.347 256 .003c23.198-.354 56.596 29.172 73.413 41.433 118.687 86.137 139.303 101.995 164.2 121.512A48 48 0 0 1 512 200.724V464zm-65.666-196.605c-2.563-3.728-7.7-4.595-11.339-1.907-22.845 16.873-55.462 40.705-105.582 77.079-16.825 12.266-50.21 41.781-73.413 41.43-23.211.344-56.559-29.143-73.413-41.43-50.114-36.37-82.734-60.204-105.582-77.079-3.639-2.688-8.776-1.821-11.339 1.907l-9.072 13.196a7.998 7.998 0 0 0 1.839 10.967c22.887 16.899 55.454 40.69 105.303 76.868 20.274 14.781 56.524 47.813 92.264 47.573 35.724.242 71.961-32.771 92.263-47.573 49.85-36.179 82.418-59.97 105.303-76.868a7.998 7.998 0 0 0 1.839-10.967l-9.071-13.196z\"><\/path><\/svg>\t\t\t<\/div>\n\t\t<\/div>\n\t\t\t\t\t\t<\/div>\n\t\t\t\t<div class=\"elementor-element elementor-element-36128a7 elementor-widget elementor-widget-heading\" data-id=\"36128a7\" data-element_type=\"widget\" data-widget_type=\"heading.default\">\n\t\t\t\t\t<h2 class=\"elementor-heading-title elementor-size-default\">Email<\/h2>\t\t\t\t<\/div>\n\t\t\t\t<div class=\"elementor-element elementor-element-696138a elementor-widget elementor-widget-text-editor\" data-id=\"696138a\" data-element_type=\"widget\" data-widget_type=\"text-editor.default\">\n\t\t\t\t\t\t\t\t\t<p>info@greenafricatransition.com<\/p>\t\t\t\t\t\t\t\t<\/div>\n\t\t\t\t<\/div>\n\t\t<div class=\"elementor-element elementor-element-98a1810 e-con-full e-flex e-con e-child\" data-id=\"98a1810\" data-element_type=\"container\">\n\t\t\t\t<div class=\"elementor-element elementor-element-e8480a1 elementor-view-default elementor-widget elementor-widget-icon\" data-id=\"e8480a1\" data-element_type=\"widget\" data-widget_type=\"icon.default\">\n\t\t\t\t\t\t\t<div class=\"elementor-icon-wrapper\">\n\t\t\t<div class=\"elementor-icon\">\n\t\t\t<svg aria-hidden=\"true\" class=\"e-font-icon-svg e-fas-phone\" viewBox=\"0 0 512 512\" xmlns=\"http:\/\/www.w3.org\/2000\/svg\"><path d=\"M493.4 24.6l-104-24c-11.3-2.6-22.9 3.3-27.5 13.9l-48 112c-4.2 9.8-1.4 21.3 6.9 28l60.6 49.6c-36 76.7-98.9 140.5-177.2 177.2l-49.6-60.6c-6.8-8.3-18.2-11.1-28-6.9l-112 48C3.9 366.5-2 378.1.6 389.4l24 104C27.1 504.2 36.7 512 48 512c256.1 0 464-207.5 464-464 0-11.2-7.7-20.9-18.6-23.4z\"><\/path><\/svg>\t\t\t<\/div>\n\t\t<\/div>\n\t\t\t\t\t\t<\/div>\n\t\t\t\t<div class=\"elementor-element elementor-element-cba26b7 elementor-widget elementor-widget-heading\" data-id=\"cba26b7\" data-element_type=\"widget\" data-widget_type=\"heading.default\">\n\t\t\t\t\t<h2 class=\"elementor-heading-title elementor-size-default\">T\u00e9l\u00e9phone \/ WhatsApp<\/h2>\t\t\t\t<\/div>\n\t\t\t\t<div class=\"elementor-element elementor-element-03fee6c elementor-widget elementor-widget-text-editor\" data-id=\"03fee6c\" data-element_type=\"widget\" data-widget_type=\"text-editor.default\">\n\t\t\t\t\t\t\t\t\t<p>Scannez pour nous \u00e9crire sur WhatsApp<\/p>\t\t\t\t\t\t\t\t<\/div>\n\t\t\t\t<div class=\"elementor-element elementor-element-709a7ff elementor-widget elementor-widget-image\" data-id=\"709a7ff\" data-element_type=\"widget\" data-widget_type=\"image.default\">\n\t\t\t\t\t\t\t\t\t\t\t\t\t\t\t<img fetchpriority=\"high\" decoding=\"async\" width=\"330\" height=\"330\" src=\"https:\/\/greenafricatransition.com\/wp-content\/uploads\/2025\/11\/qr_whatsapp_0646433281.png\" class=\"attachment-large size-large wp-image-718\" alt=\"\" srcset=\"https:\/\/greenafricatransition.com\/wp-content\/uploads\/2025\/11\/qr_whatsapp_0646433281.png 330w, https:\/\/greenafricatransition.com\/wp-content\/uploads\/2025\/11\/qr_whatsapp_0646433281-300x300.png 300w, https:\/\/greenafricatransition.com\/wp-content\/uploads\/2025\/11\/qr_whatsapp_0646433281-150x150.png 150w\" sizes=\"(max-width: 330px) 100vw, 330px\" \/>\t\t\t\t\t\t\t\t\t\t\t\t\t\t\t<\/div>\n\t\t\t\t<div class=\"elementor-element elementor-element-e198d66 elementor-widget elementor-widget-text-editor\" data-id=\"e198d66\" data-element_type=\"widget\" data-widget_type=\"text-editor.default\">\n\t\t\t\t\t\t\t\t\t<p>\ud83d\udcde +33 6 46 43 32 81<\/p>\t\t\t\t\t\t\t\t<\/div>\n\t\t\t\t<\/div>\n\t\t<div class=\"elementor-element elementor-element-8c52159 e-con-full e-flex e-con e-child\" data-id=\"8c52159\" data-element_type=\"container\">\n\t\t\t\t<div class=\"elementor-element elementor-element-b4b7ca6 elementor-view-default elementor-widget elementor-widget-icon\" data-id=\"b4b7ca6\" data-element_type=\"widget\" data-widget_type=\"icon.default\">\n\t\t\t\t\t\t\t<div class=\"elementor-icon-wrapper\">\n\t\t\t<div class=\"elementor-icon\">\n\t\t\t<svg aria-hidden=\"true\" class=\"e-font-icon-svg e-fas-map-pin\" viewBox=\"0 0 288 512\" xmlns=\"http:\/\/www.w3.org\/2000\/svg\"><path d=\"M112 316.94v156.69l22.02 33.02c4.75 7.12 15.22 7.12 19.97 0L176 473.63V316.94c-10.39 1.92-21.06 3.06-32 3.06s-21.61-1.14-32-3.06zM144 0C64.47 0 0 64.47 0 144s64.47 144 144 144 144-64.47 144-144S223.53 0 144 0zm0 76c-37.5 0-68 30.5-68 68 0 6.62-5.38 12-12 12s-12-5.38-12-12c0-50.73 41.28-92 92-92 6.62 0 12 5.38 12 12s-5.38 12-12 12z\"><\/path><\/svg>\t\t\t<\/div>\n\t\t<\/div>\n\t\t\t\t\t\t<\/div>\n\t\t\t\t<div class=\"elementor-element elementor-element-811e017 elementor-widget elementor-widget-heading\" data-id=\"811e017\" data-element_type=\"widget\" data-widget_type=\"heading.default\">\n\t\t\t\t\t<h2 class=\"elementor-heading-title elementor-size-default\">Pr\u00e9sence<\/h2>\t\t\t\t<\/div>\n\t\t\t\t<div class=\"elementor-element elementor-element-0e2c8e7 elementor-widget elementor-widget-text-editor\" data-id=\"0e2c8e7\" data-element_type=\"widget\" data-widget_type=\"text-editor.default\">\n\t\t\t\t\t\t\t\t\t<p>Afrique Centrale (Zone CEMAC)<\/p>\t\t\t\t\t\t\t\t<\/div>\n\t\t\t\t<\/div>\n\t\t\t\t<\/div>\n\t\t<div class=\"elementor-element elementor-element-ae3ed4f e-flex e-con-boxed e-con e-parent\" data-id=\"ae3ed4f\" data-element_type=\"container\">\n\t\t\t\t\t<div class=\"e-con-inner\">\n\t\t\t\t<div class=\"elementor-element elementor-element-c59d6b9 elementor-widget elementor-widget-wpforms\" data-id=\"c59d6b9\" data-element_type=\"widget\" data-widget_type=\"wpforms.default\">\n\t\t\t\t<div class=\"elementor-widget-container\">\n\t\t\t\t\t<style id=\"wpforms-css-vars-elementor-widget-c59d6b9\">\n\t\t\t\t.elementor-widget-wpforms.elementor-element-c59d6b9 {\n\t\t\t\t--wpforms-button-border-style: solid;\n--wpforms-button-border-radius: 30px;\n--wpforms-button-background-color: #006838;\n--wpforms-button-border-color: #006838;\n\t\t\t}\n\t\t\t<\/style><div class=\"wpforms-container wpforms-container-full wpforms-render-modern\" id=\"wpforms-683\"><form id=\"wpforms-form-683\" class=\"wpforms-validate wpforms-form wpforms-ajax-form\" data-formid=\"683\" method=\"post\" enctype=\"multipart\/form-data\" action=\"\/index.php\/wp-json\/wp\/v2\/pages\/53\" data-token=\"3f53bbae0140f0c6b9278b7750c8df60\" data-token-time=\"1776601356\"><noscript class=\"wpforms-error-noscript\">Please enable JavaScript in your browser to complete this form.<\/noscript><div id=\"wpforms-error-noscript\" style=\"display: none;\">Please enable JavaScript in your browser to complete this form.<\/div><div class=\"wpforms-field-container\"><div id=\"wpforms-683-field_1-container\" class=\"wpforms-field wpforms-field-name\" data-field-id=\"1\"><fieldset><legend class=\"wpforms-field-label\">Nom <span class=\"wpforms-required-label\" aria-hidden=\"true\">*<\/span><\/legend><div class=\"wpforms-field-row wpforms-field-medium\"><div class=\"wpforms-field-row-block wpforms-first wpforms-one-half\"><input type=\"text\" id=\"wpforms-683-field_1\" class=\"wpforms-field-name-first wpforms-field-required\" name=\"wpforms[fields][1][first]\" aria-errormessage=\"wpforms-683-field_1-error\" required><label for=\"wpforms-683-field_1\" class=\"wpforms-field-sublabel after\">First<\/label><\/div><div class=\"wpforms-field-row-block wpforms-one-half\"><input type=\"text\" id=\"wpforms-683-field_1-last\" class=\"wpforms-field-name-last wpforms-field-required\" name=\"wpforms[fields][1][last]\" aria-errormessage=\"wpforms-683-field_1-last-error\" required><label for=\"wpforms-683-field_1-last\" class=\"wpforms-field-sublabel after\">Last<\/label><\/div><\/div><\/fieldset><\/div><div id=\"wpforms-683-field_2-container\" class=\"wpforms-field wpforms-field-email\" data-field-id=\"2\"><label class=\"wpforms-field-label\" for=\"wpforms-683-field_2\">E-mail <span class=\"wpforms-required-label\" aria-hidden=\"true\">*<\/span><\/label><input type=\"email\" id=\"wpforms-683-field_2\" class=\"wpforms-field-medium wpforms-field-required\" name=\"wpforms[fields][2]\" spellcheck=\"false\" aria-errormessage=\"wpforms-683-field_2-error\" required><\/div>\t\t<div id=\"wpforms-683-field_4-container\"\n\t\t\tclass=\"wpforms-field wpforms-field-text\"\n\t\t\tdata-field-type=\"text\"\n\t\t\tdata-field-id=\"4\"\n\t\t\t>\n\t\t\t<label class=\"wpforms-field-label\" for=\"wpforms-683-field_4\" >ou Commentaire Nom<\/label>\n\t\t\t<input type=\"text\" id=\"wpforms-683-field_4\" class=\"wpforms-field-medium\" name=\"wpforms[fields][4]\" >\n\t\t<\/div>\n\t\t<div id=\"wpforms-683-field_3-container\" class=\"wpforms-field wpforms-field-textarea\" data-field-id=\"3\"><label class=\"wpforms-field-label\" for=\"wpforms-683-field_3\">Commentaire ou message<\/label><textarea id=\"wpforms-683-field_3\" class=\"wpforms-field-medium\" name=\"wpforms[fields][3]\" aria-errormessage=\"wpforms-683-field_3-error\" ><\/textarea><\/div><script>\n\t\t\t\t( function() {\n\t\t\t\t\tconst style = document.createElement( 'style' );\n\t\t\t\t\tstyle.appendChild( document.createTextNode( '#wpforms-683-field_4-container { position: absolute !important; overflow: hidden !important; display: inline !important; height: 1px !important; width: 1px !important; z-index: -1000 !important; padding: 0 !important; } #wpforms-683-field_4-container input { visibility: hidden; } #wpforms-conversational-form-page #wpforms-683-field_4-container label { counter-increment: none; }' ) );\n\t\t\t\t\tdocument.head.appendChild( style );\n\t\t\t\t\tdocument.currentScript?.remove();\n\t\t\t\t} )();\n\t\t\t<\/script><\/div><!-- .wpforms-field-container --><div class=\"wpforms-submit-container\" ><input type=\"hidden\" name=\"wpforms[id]\" value=\"683\"><input type=\"hidden\" name=\"page_title\" value=\"\"><input type=\"hidden\" name=\"page_url\" value=\"https:\/\/greenafricatransition.com\/index.php\/wp-json\/wp\/v2\/pages\/53\"><input type=\"hidden\" name=\"url_referer\" value=\"\"><button type=\"submit\" name=\"wpforms[submit]\" id=\"wpforms-submit-683\" class=\"wpforms-submit\" data-alt-text=\"Envoi...\" data-submit-text=\"Envoyer\" aria-live=\"assertive\" value=\"wpforms-submit\">Envoyer<\/button><img decoding=\"async\" src=\"https:\/\/greenafricatransition.com\/wp-content\/plugins\/wpforms-lite\/assets\/images\/submit-spin.svg\" class=\"wpforms-submit-spinner\" style=\"display: none;\" width=\"26\" height=\"26\" alt=\"Loading\"><\/div><\/form><\/div>  <!-- .wpforms-container -->\t\t\t\t<\/div>\n\t\t\t\t<\/div>\n\t\t\t\t\t<\/div>\n\t\t\t\t<\/div>\n\t\t\t\t<\/div>\n\t\t","protected":false},"excerpt":{"rendered":"<p>Nous contacter Pour toute demande d\u2019information, d\u2019\u00e9tude technique, de partenariat ou de projet solaire, notre \u00e9quipe vous r\u00e9pond sous 24 \u00e0 48h. Email info@greenafricatransition.com T\u00e9l\u00e9phone \/ WhatsApp Scannez pour nous \u00e9crire sur WhatsApp \ud83d\udcde +33 6 46 43 32 81 Pr\u00e9sence Afrique Centrale (Zone CEMAC) Veuillez activer JavaScript dans votre navigateur pour remplir ce formulaire.Veuillez [&hellip;]<\/p>\n","protected":false},"author":1,"featured_media":0,"parent":0,"menu_order":0,"comment_status":"closed","ping_status":"closed","template":"elementor_header_footer","meta":{"inline_featured_image":false,"footnotes":""},"class_list":["post-53","page","type-page","status-publish","hentry"],"yoast_head":"<!-- This site is optimized with the Yoast SEO plugin v26.5 - https:\/\/yoast.com\/wordpress\/plugins\/seo\/ -->\n<title>Contact -<\/title>\n<meta name=\"robots\" content=\"index, follow, max-snippet:-1, max-image-preview:large, max-video-preview:-1\" \/>\n<link rel=\"canonical\" href=\"https:\/\/greenafricatransition.com\/index.php\/contact\/\" \/>\n<meta property=\"og:locale\" content=\"en_US\" \/>\n<meta property=\"og:type\" content=\"article\" \/>\n<meta property=\"og:title\" content=\"Contact -\" \/>\n<meta property=\"og:description\" content=\"Nous contacter Pour toute demande d\u2019information, d\u2019\u00e9tude technique, de partenariat ou de projet solaire, notre \u00e9quipe vous r\u00e9pond sous 24 \u00e0 48h. Email info@greenafricatransition.com T\u00e9l\u00e9phone \/ WhatsApp Scannez pour nous \u00e9crire sur WhatsApp \ud83d\udcde +33 6 46 43 32 81 Pr\u00e9sence Afrique Centrale (Zone CEMAC) Veuillez activer JavaScript dans votre navigateur pour remplir ce formulaire.Veuillez [&hellip;]\" \/>\n<meta property=\"og:url\" content=\"https:\/\/greenafricatransition.com\/index.php\/contact\/\" \/>\n<meta property=\"article:modified_time\" content=\"2025-11-17T14:33:52+00:00\" \/>\n<meta property=\"og:image\" content=\"https:\/\/greenafricatransition.com\/wp-content\/uploads\/2025\/11\/qr_whatsapp_0646433281.png\" \/>\n\t<meta property=\"og:image:width\" content=\"330\" \/>\n\t<meta property=\"og:image:height\" content=\"330\" \/>\n\t<meta property=\"og:image:type\" content=\"image\/png\" \/>\n<meta name=\"twitter:card\" content=\"summary_large_image\" \/>\n<meta name=\"twitter:label1\" content=\"Est. reading time\" \/>\n\t<meta name=\"twitter:data1\" content=\"1 minute\" \/>\n<script type=\"application\/ld+json\" class=\"yoast-schema-graph\">{\"@context\":\"https:\/\/schema.org\",\"@graph\":[{\"@type\":\"WebPage\",\"@id\":\"https:\/\/greenafricatransition.com\/index.php\/contact\/\",\"url\":\"https:\/\/greenafricatransition.com\/index.php\/contact\/\",\"name\":\"Contact -\",\"isPartOf\":{\"@id\":\"https:\/\/greenafricatransition.com\/#website\"},\"primaryImageOfPage\":{\"@id\":\"https:\/\/greenafricatransition.com\/index.php\/contact\/#primaryimage\"},\"image\":{\"@id\":\"https:\/\/greenafricatransition.com\/index.php\/contact\/#primaryimage\"},\"thumbnailUrl\":\"https:\/\/greenafricatransition.com\/wp-content\/uploads\/2025\/11\/qr_whatsapp_0646433281.png\",\"datePublished\":\"2025-11-01T01:14:08+00:00\",\"dateModified\":\"2025-11-17T14:33:52+00:00\",\"breadcrumb\":{\"@id\":\"https:\/\/greenafricatransition.com\/index.php\/contact\/#breadcrumb\"},\"inLanguage\":\"en-US\",\"potentialAction\":[{\"@type\":\"ReadAction\",\"target\":[\"https:\/\/greenafricatransition.com\/index.php\/contact\/\"]}]},{\"@type\":\"ImageObject\",\"inLanguage\":\"en-US\",\"@id\":\"https:\/\/greenafricatransition.com\/index.php\/contact\/#primaryimage\",\"url\":\"https:\/\/greenafricatransition.com\/wp-content\/uploads\/2025\/11\/qr_whatsapp_0646433281.png\",\"contentUrl\":\"https:\/\/greenafricatransition.com\/wp-content\/uploads\/2025\/11\/qr_whatsapp_0646433281.png\",\"width\":330,\"height\":330},{\"@type\":\"BreadcrumbList\",\"@id\":\"https:\/\/greenafricatransition.com\/index.php\/contact\/#breadcrumb\",\"itemListElement\":[{\"@type\":\"ListItem\",\"position\":1,\"name\":\"Accueil\",\"item\":\"https:\/\/greenafricatransition.com\/\"},{\"@type\":\"ListItem\",\"position\":2,\"name\":\"Contact\"}]},{\"@type\":\"WebSite\",\"@id\":\"https:\/\/greenafricatransition.com\/#website\",\"url\":\"https:\/\/greenafricatransition.com\/\",\"name\":\"\",\"description\":\"\",\"potentialAction\":[{\"@type\":\"SearchAction\",\"target\":{\"@type\":\"EntryPoint\",\"urlTemplate\":\"https:\/\/greenafricatransition.com\/?s={search_term_string}\"},\"query-input\":{\"@type\":\"PropertyValueSpecification\",\"valueRequired\":true,\"valueName\":\"search_term_string\"}}],\"inLanguage\":\"en-US\"}]}<\/script>\n<!-- \/ Yoast SEO plugin. -->","yoast_head_json":{"title":"Contact -","robots":{"index":"index","follow":"follow","max-snippet":"max-snippet:-1","max-image-preview":"max-image-preview:large","max-video-preview":"max-video-preview:-1"},"canonical":"https:\/\/greenafricatransition.com\/index.php\/contact\/","og_locale":"en_US","og_type":"article","og_title":"Contact -","og_description":"Nous contacter Pour toute demande d\u2019information, d\u2019\u00e9tude technique, de partenariat ou de projet solaire, notre \u00e9quipe vous r\u00e9pond sous 24 \u00e0 48h. Email info@greenafricatransition.com T\u00e9l\u00e9phone \/ WhatsApp Scannez pour nous \u00e9crire sur WhatsApp \ud83d\udcde +33 6 46 43 32 81 Pr\u00e9sence Afrique Centrale (Zone CEMAC) Veuillez activer JavaScript dans votre navigateur pour remplir ce formulaire.Veuillez [&hellip;]","og_url":"https:\/\/greenafricatransition.com\/index.php\/contact\/","article_modified_time":"2025-11-17T14:33:52+00:00","og_image":[{"width":330,"height":330,"url":"https:\/\/greenafricatransition.com\/wp-content\/uploads\/2025\/11\/qr_whatsapp_0646433281.png","type":"image\/png"}],"twitter_card":"summary_large_image","twitter_misc":{"Est. reading time":"1 minute"},"schema":{"@context":"https:\/\/schema.org","@graph":[{"@type":"WebPage","@id":"https:\/\/greenafricatransition.com\/index.php\/contact\/","url":"https:\/\/greenafricatransition.com\/index.php\/contact\/","name":"Contact -","isPartOf":{"@id":"https:\/\/greenafricatransition.com\/#website"},"primaryImageOfPage":{"@id":"https:\/\/greenafricatransition.com\/index.php\/contact\/#primaryimage"},"image":{"@id":"https:\/\/greenafricatransition.com\/index.php\/contact\/#primaryimage"},"thumbnailUrl":"https:\/\/greenafricatransition.com\/wp-content\/uploads\/2025\/11\/qr_whatsapp_0646433281.png","datePublished":"2025-11-01T01:14:08+00:00","dateModified":"2025-11-17T14:33:52+00:00","breadcrumb":{"@id":"https:\/\/greenafricatransition.com\/index.php\/contact\/#breadcrumb"},"inLanguage":"en-US","potentialAction":[{"@type":"ReadAction","target":["https:\/\/greenafricatransition.com\/index.php\/contact\/"]}]},{"@type":"ImageObject","inLanguage":"en-US","@id":"https:\/\/greenafricatransition.com\/index.php\/contact\/#primaryimage","url":"https:\/\/greenafricatransition.com\/wp-content\/uploads\/2025\/11\/qr_whatsapp_0646433281.png","contentUrl":"https:\/\/greenafricatransition.com\/wp-content\/uploads\/2025\/11\/qr_whatsapp_0646433281.png","width":330,"height":330},{"@type":"BreadcrumbList","@id":"https:\/\/greenafricatransition.com\/index.php\/contact\/#breadcrumb","itemListElement":[{"@type":"ListItem","position":1,"name":"Accueil","item":"https:\/\/greenafricatransition.com\/"},{"@type":"ListItem","position":2,"name":"Contact"}]},{"@type":"WebSite","@id":"https:\/\/greenafricatransition.com\/#website","url":"https:\/\/greenafricatransition.com\/","name":"","description":"","potentialAction":[{"@type":"SearchAction","target":{"@type":"EntryPoint","urlTemplate":"https:\/\/greenafricatransition.com\/?s={search_term_string}"},"query-input":{"@type":"PropertyValueSpecification","valueRequired":true,"valueName":"search_term_string"}}],"inLanguage":"en-US"}]}},"_links":{"self":[{"href":"https:\/\/greenafricatransition.com\/index.php\/wp-json\/wp\/v2\/pages\/53","targetHints":{"allow":["GET"]}}],"collection":[{"href":"https:\/\/greenafricatransition.com\/index.php\/wp-json\/wp\/v2\/pages"}],"about":[{"href":"https:\/\/greenafricatransition.com\/index.php\/wp-json\/wp\/v2\/types\/page"}],"author":[{"embeddable":true,"href":"https:\/\/greenafricatransition.com\/index.php\/wp-json\/wp\/v2\/users\/1"}],"replies":[{"embeddable":true,"href":"https:\/\/greenafricatransition.com\/index.php\/wp-json\/wp\/v2\/comments?post=53"}],"version-history":[{"count":48,"href":"https:\/\/greenafricatransition.com\/index.php\/wp-json\/wp\/v2\/pages\/53\/revisions"}],"predecessor-version":[{"id":737,"href":"https:\/\/greenafricatransition.com\/index.php\/wp-json\/wp\/v2\/pages\/53\/revisions\/737"}],"wp:attachment":[{"href":"https:\/\/greenafricatransition.com\/index.php\/wp-json\/wp\/v2\/media?parent=53"}],"curies":[{"name":"wp","href":"https:\/\/api.w.org\/{rel}","templated":true}]}}